{"id":32,"date":"2023-01-17T13:17:47","date_gmt":"2023-01-17T13:17:47","guid":{"rendered":"https:\/\/pedicuremidwolda.nl\/?page_id=32"},"modified":"2023-08-28T21:20:22","modified_gmt":"2023-08-28T21:20:22","slug":"vergoedingen","status":"publish","type":"page","link":"https:\/\/pedicuremidwolda.nl\/?page_id=32","title":{"rendered":"Vergoedingen"},"content":{"rendered":"\n<p>U vraagt altijd eerst via de huisarts een verwijzing aan voor de podotherapeut. Als medisch pedicure heb ik samenwerkingscontracten met podotherapeuten. U kunt dan aangeven bij uw huisarts bij welke podotherapeuten ik aangesloten ben. Zie onderstaand lijstje.<\/p>\n\n\n\n<p>Wanneer de podotherapeut medische voetzorg noodzakelijk acht gaat hij kijken naar welke medische pedicure u het beste kunt gaan, zodat u mijn naam kunt doorgeven.<\/p>\n\n\n\n<p>Wanneer het een podotherapeut betreft die nog niet in onderstaand rijtje staat kan hij\/zij te allen tijde contact met mij opnemen om te kijken of we een samenwerkingscontract kunnen afsluiten, zodat ik u toch van dienst kan zijn.<\/p>\n\n\n\n<ul class=\"wp-block-list\">\n<li>H &amp; L (vestigingen in Hoogezand en Groningen o.a. UMCG)<\/li>\n<\/ul>\n\n\n\n<p><a rel=\"noreferrer noopener\" href=\"https:\/\/podotherapiehenl.nl\" target=\"_blank\">Podotherapie<\/a> <br><\/p>\n\n\n\n<ul class=\"wp-block-list\">\n<li>Podotherapie Stad &amp; Ommeland (vestigingen in Delfzijl en Groningen o.a. Martiniziekenhuis)<\/li>\n<\/ul>\n\n\n\n<p><a href=\"http:\/\/www.podotherapiestadenommeland.nl\/\">www.podotherapiestadenommeland.nl<\/a><\/p>\n\n\n\n<ul class=\"wp-block-list\">\n<li>Voetzorg van Maanen (vestigingen o.a. in Winschoten)<\/li>\n<\/ul>\n\n\n\n<p><a href=\"http:\/\/www.voetzorgvanmaanen.nl\/\">www.voetzorgvanmaanen.nl<\/a><\/p>\n\n\n\n<ul class=\"wp-block-list\">\n<li>Voetencentrum Wender (vestigingen o.a. in Winschoten)<\/li>\n<\/ul>\n\n\n\n<p><a href=\"http:\/\/www.podotherapeut.nl\/\">www.podotherapeut.nl<\/a><\/p>\n\n\n\n<ul class=\"wp-block-list\">\n<li>AchilleonZorg (vestiging o.a. in Winschoten en Groningen)\u00a0<\/li>\n<\/ul>\n\n\n\n<p><a href=\"http:\/\/www.achilleonzorg.nl\/\">www.achilleonzorg.nl<\/a><\/p>\n\n\n\n<ul class=\"wp-block-list\">\n<li>Schutrups Exloo (vestiging o.a. in Winschoten, Groningen en Exloo)<\/li>\n<\/ul>\n\n\n\n<p><a href=\"http:\/\/www.schutrups.nl\/\">www.schutrups.nl<\/a><\/p>\n\n\n\n<ul class=\"wp-block-list\">\n<li>Voetstuk Podotherapie (vestiging o.a. in Winschoten, Nieuwe Pekela en Stadskanaal o.a. in het Refaja Ziekenhuis)\u00a0<\/li>\n<\/ul>\n\n\n\n<p><a href=\"http:\/\/www.voetstuk.nl\/\">www.voetstuk.nl<\/a><\/p>\n\n\n\n<ul class=\"wp-block-list\">\n<li>Engberts Podotherapie (vestiging in Veendam)<\/li>\n<\/ul>\n\n\n\n<p><a href=\"https:\/\/engbertspodotherapie.nl\/\" target=\"_blank\" rel=\"noreferrer noopener\">www.engbertspodotherapie.nl<\/a><\/p>\n\n\n\n<p>De podotherapeut beoordeelt uw voeten en geeft indien nodig een SIMM classificatie af (voor o.a. diabeten maar ook voor andere chronische aandoeningen aan de voeten, en verhoogde risicofactoren daarbij).<\/p>\n\n\n\n<p>De podotherapeut stelt dan een behandelplan op. Hierin staat wat er precies moet gebeuren. Dit noemt men: de medische noodzakelijke voetzorg.<\/p>\n\n\n\n<p>In dit behandelplan staat ook hoe vaak u per jaar recht hebt op behandeling bij de medisch pedicure.<\/p>\n\n\n\n<p>Als medisch pedicure stuur ik mijn factuur naar de podotherapeut en deze vergoedt dan de behandeling.<\/p>\n\n\n\n<p>Soms valt niet alles binnen die behandeling en moet u nog een klein bedrag bijbetalen. Dit is bijvoorbeeld van toepassing op een cosmetische en\/of verzorgende behandeling. Denk daarbij aan nagels lakken of de voeten incr\u00e8men. Dat is dus g\u00e9\u00e9n medische voetzorg!<\/p>\n\n\n\n<p>Ook bij gezonde nagels: wanneer deze niet omschreven staan als medische zorg in het behandelplan maar u deze wel geknipt wil hebben, moet u zelf nog wat bijbetalen.<\/p>\n\n\n\n<p>Als laatste voorbeeld: wanneer de podotherapeut het niet noodzakelijk acht dat u ambulant (dus aan huis) geholpen wordt, maar u wenst dat wel graag, dan betaalt u mij een extra vergoeding voor die ambulante zorg.<\/p>\n\n\n\n<p>In al deze genoemde voorbeelden mag ik GEEN factuur maken en u kunt dit ook NIET declareren.<\/p>\n","protected":false},"excerpt":{"rendered":"<p>U vraagt altijd eerst via de huisarts een verwijzing aan voor de podotherapeut. Als medisch pedicure heb ik samenwerkingscontracten met podotherapeuten. U kunt dan aangeven &hellip; <\/p>\n","protected":false},"author":1,"featured_media":0,"parent":0,"menu_order":0,"comment_status":"closed","ping_status":"closed","template":"","meta":{"footnotes":""},"class_list":["post-32","page","type-page","status-publish","hentry","latest_post"],"_links":{"self":[{"href":"https:\/\/pedicuremidwolda.nl\/index.php?rest_route=\/wp\/v2\/pages\/32","targetHints":{"allow":["GET"]}}],"collection":[{"href":"https:\/\/pedicuremidwolda.nl\/index.php?rest_route=\/wp\/v2\/pages"}],"about":[{"href":"https:\/\/pedicuremidwolda.nl\/index.php?rest_route=\/wp\/v2\/types\/page"}],"author":[{"embeddable":true,"href":"https:\/\/pedicuremidwolda.nl\/index.php?rest_route=\/wp\/v2\/users\/1"}],"replies":[{"embeddable":true,"href":"https:\/\/pedicuremidwolda.nl\/index.php?rest_route=%2Fwp%2Fv2%2Fcomments&post=32"}],"version-history":[{"count":27,"href":"https:\/\/pedicuremidwolda.nl\/index.php?rest_route=\/wp\/v2\/pages\/32\/revisions"}],"predecessor-version":[{"id":276,"href":"https:\/\/pedicuremidwolda.nl\/index.php?rest_route=\/wp\/v2\/pages\/32\/revisions\/276"}],"wp:attachment":[{"href":"https:\/\/pedicuremidwolda.nl\/index.php?rest_route=%2Fwp%2Fv2%2Fmedia&parent=32"}],"curies":[{"name":"wp","href":"https:\/\/api.w.org\/{rel}","templated":true}]}}